{"id":989,"date":"2016-07-13T22:28:22","date_gmt":"2016-07-13T22:28:22","guid":{"rendered":"http:\/\/test.simplybrasil.com\/?page_id=989"},"modified":"2019-03-21T20:29:16","modified_gmt":"2019-03-21T20:29:16","slug":"terms-conditions","status":"publish","type":"page","link":"https:\/\/simplybrasil.com\/es_ES\/terms-conditions\/","title":{"rendered":"T\u00e9rminos y condiciones"},"content":{"rendered":"<section class=\"wpb-content-wrapper\"><p>[vc_row][vc_column][vc_custom_heading text=&#8221;T\u00e9rminos y Condiciones&#8221; font_container=&#8221;tag:h2|text_align:left|color:%23ff9326&#8243; google_fonts=&#8221;font_family:Cabin%3Aregular%2Citalic%2C500%2C500italic%2C600%2C600italic%2C700%2C700italic|font_style:400%20regular%3A400%3Anormal&#8221;][vc_empty_space][vc_column_text]<\/p>\n<h3>POL\u00cdTICA DE PRIVACIDAD<\/h3>\n<p>Respetamos y estamos comprometidos a proteger su privacidad. podemos recopilar informaci\u00f3n de identificaci\u00f3n personal cuando su visita nuestro sitio. Tambi\u00e9n recibimos autom\u00e1ticamente y registrar informaci\u00f3n sobre los registros de nuestro servidor desde el navegador, incluyendo su direcci\u00f3n IP, informaci\u00f3n de cookies y la p\u00e1gina (s) que ha visitado. No vamos a vender su informaci\u00f3n personal a cualquiera. Para una descripci\u00f3n completa, visite nuestra <a href=\"http:\/\/www.simplybrasil.net\/index.php?route=information\/information&amp;information_id=3\">pol\u00edtica de privacidad<\/a> p\u00e1gina.<\/p>\n<h3>POLITICA DE SEGURIDAD<\/h3>\n<p>Su pago y la informaci\u00f3n personal es siempre seguro. No no recibimos o almacenar informaci\u00f3n de pago. Todas las transacciones de comercio son manejados por PayPal.<\/p>\n<h3>POLITICA DE REEMBOLSO<\/h3>\n<p>Las devoluciones de los productos sin abrir, sin usar son aceptados dentro de los quince d\u00edas siguientes a la fecha fue entregado su mercanc\u00eda.<\/p>\n<p>S\u00f3lo se aceptar\u00e1n devoluciones de todos los <strong>productos sin abrir, sin usar y sellados en su embalaje original<\/strong> . Usted es responsable de los gastos de env\u00edo de la devoluci\u00f3n de los productos a nosotros. Una vez recibido, vamos a ofrecerle cr\u00e9dito de la tienda para la misma cantidad que gast\u00f3. No podemos aceptar devoluciones si el producto ha sido abierto, y no es utilizado en su embalaje original, a menos que el producto ha sido da\u00f1ado durante el transporte o es defectuoso.<\/p>\n<p>Si su mercanc\u00eda llega da\u00f1ado, p\u00f3ngase en contacto con nosotros dentro de 72 horas para responder. Ser\u00e1 necesario que la solicitud y el n\u00famero RMA de nuestra p\u00e1gina web antes de devolver cualquier mercanc\u00eda.<\/p>\n<p>Una vez que su RMA es aprobado, le enviaremos su nueva mercanc\u00eda y se encargar\u00e1 de la compa\u00f1\u00eda naviera para recoger el art\u00edculo da\u00f1ado (s).<\/p>\n<p>Nos enorgullecemos en el env\u00edo de sus productos de forma segura a su puerta y, a menudo con cinta adhesiva la tapa superior tapa cerrada para evitar que la botella de producto se derrame durante el transporte.[\/vc_column_text][\/vc_column][\/vc_row]<\/p>\n<\/section>","protected":false},"excerpt":{"rendered":"<p>[vc_row][vc_column][vc_custom_heading text=&#8221;T\u00e9rminos y Condiciones&#8221; font_container=&#8221;tag:h2|text_align:left|color:%23ff9326&#8243; google_fonts=&#8221;font_family:Cabin%3Aregular%2Citalic%2C500%2C500italic%2C600%2C600italic%2C700%2C700italic|font_style:400%20r&#8230;<\/p>\n","protected":false},"author":1,"featured_media":0,"parent":0,"menu_order":13,"comment_status":"closed","ping_status":"closed","template":"","meta":{"_exactmetrics_skip_tracking":false,"_exactmetrics_sitenote_active":false,"_exactmetrics_sitenote_note":"","_exactmetrics_sitenote_category":0,"footnotes":""},"class_list":["post-989","page","type-page","status-publish","hentry"],"_links":{"self":[{"href":"https:\/\/simplybrasil.com\/es_ES\/wp-json\/wp\/v2\/pages\/989","targetHints":{"allow":["GET"]}}],"collection":[{"href":"https:\/\/simplybrasil.com\/es_ES\/wp-json\/wp\/v2\/pages"}],"about":[{"href":"https:\/\/simplybrasil.com\/es_ES\/wp-json\/wp\/v2\/types\/page"}],"author":[{"embeddable":true,"href":"https:\/\/simplybrasil.com\/es_ES\/wp-json\/wp\/v2\/users\/1"}],"replies":[{"embeddable":true,"href":"https:\/\/simplybrasil.com\/es_ES\/wp-json\/wp\/v2\/comments?post=989"}],"version-history":[{"count":18,"href":"https:\/\/simplybrasil.com\/es_ES\/wp-json\/wp\/v2\/pages\/989\/revisions"}],"predecessor-version":[{"id":2631,"href":"https:\/\/simplybrasil.com\/es_ES\/wp-json\/wp\/v2\/pages\/989\/revisions\/2631"}],"wp:attachment":[{"href":"https:\/\/simplybrasil.com\/es_ES\/wp-json\/wp\/v2\/media?parent=989"}],"curies":[{"name":"wp","href":"https:\/\/api.w.org\/{rel}","templated":true}]}}