{"id":987,"date":"2016-07-13T22:26:51","date_gmt":"2016-07-13T22:26:51","guid":{"rendered":"http:\/\/test.simplybrasil.com\/?page_id=987"},"modified":"2019-03-21T20:30:00","modified_gmt":"2019-03-21T20:30:00","slug":"privacy-policy","status":"publish","type":"page","link":"https:\/\/simplybrasil.com\/es_ES\/privacy-policy\/","title":{"rendered":"Pol\u00edtica de privacidad"},"content":{"rendered":"<section class=\"wpb-content-wrapper\"><p>[vc_row][vc_column][vc_empty_space][vc_custom_heading text=&#8221;Pol\u00edtica de privacidad&#8221; font_container=&#8221;tag:h2|text_align:left|color:%23ff9326&#8243; google_fonts=&#8221;font_family:Cabin%3Aregular%2Citalic%2C500%2C500italic%2C600%2C600italic%2C700%2C700italic|font_style:400%20regular%3A400%3Anormal&#8221;][vc_empty_space][vc_column_text]Simply Brasil Sal\u00f3n Servicios respeta y es utilizado para proteger su privacidad. Podemos recopilar informaci\u00f3n de identificaci\u00f3n personal cuando visite nuestro sitio.Tambi\u00e9n recibimos autom\u00e1ticamente y registrar informaci\u00f3n sobre los registros de nuestro servidor desde el navegador, incluyendo su direcci\u00f3n IP, informaci\u00f3n de cookies y la p\u00e1gina (s) que ha visitado. No venderemos su informaci\u00f3n de identificaci\u00f3n personal a nadie.<\/p>\n<p><strong>What information do we collect?<\/strong><br \/> We collect information from you when you register on our site, place an order, subscribe to our newsletter or fill out a form.<\/p>\n<p>Al solicitar o registrar en nuestro sitio, en su caso, se le puede pedir que introduzca su nombre, direcci\u00f3n de correo electr\u00f3nico, direcci\u00f3n postal, n\u00famero de tel\u00e9fono o informaci\u00f3n de la tarjeta de cr\u00e9dito. Es posible, sin embargo, visitar nuestro sitio de forma an\u00f3nima.<\/p>\n<p><strong>\u00bfPara qu\u00e9 utilizamos su informaci\u00f3n?<\/strong><br \/> Toda la informaci\u00f3n que obtenemos de usted puede ser utilizado en una de las siguientes maneras:<\/p>\n<ul>\n<li>Para personalizar su experiencia (su informaci\u00f3n nos ayuda a responder mejor a sus necesidades individuales);<\/li>\n<li>Para mejorar nuestro sitio web (nos esforzamos continuamente para mejorar nuestra oferta de sitio web basado en la informaci\u00f3n y la retroalimentaci\u00f3n que recibimos de usted);<\/li>\n<li>Para mejorar el servicio al cliente (su informaci\u00f3n nos ayuda a responder m\u00e1s eficazmente a sus solicitudes de servicio al cliente y las necesidades de apoyo);<\/li>\n<li>Para enviar correos electr\u00f3nicos peri\u00f3dicos. La direcci\u00f3n de correo electr\u00f3nico que usted proporciona para el procesamiento de pedidos, se puede utilizar para enviar informaci\u00f3n y las actualizaciones correspondientes a su pedido, adem\u00e1s de recibir informaci\u00f3n de noticias de la compa\u00f1\u00eda, actualizaciones, producto o servicio relacionado ocasional, etc.<\/li>\n<\/ul>\n<p><strong>\u00bfC\u00f3mo protegemos su informaci\u00f3n?<\/strong><br \/> Implementamos una variedad de medidas de seguridad para mantener la seguridad de su informaci\u00f3n personal cuando usted realiza un pedido o entrar, env\u00ede, o accede a su informaci\u00f3n personal.<\/p>\n<p>Ofrecemos el uso de un servidor seguro. Toda la informaci\u00f3n confidencial \/ cr\u00e9dito se transmite a trav\u00e9s de la tecnolog\u00eda Secure Socket Layer (SSL) y se encripta en nuestra base de datos de proveedores de pasarela de pago s\u00f3lo para ser accesible por las personas autorizadas con los derechos especiales de acceso a dichos sistemas, y est\u00e1n obligados a? Mantener la informaci\u00f3n confidencial.<\/p>\n<p>Despu\u00e9s de una transacci\u00f3n, su informaci\u00f3n privada (tarjetas de cr\u00e9dito, n\u00fameros de seguridad social, finanzas, etc) no ser\u00e1 almacenada en nuestros servidores.<\/p>\n<p><strong>\u00bfUtilizamos cookies?<\/strong><br \/> Utilizamos cookies.<\/p>\n<p><strong>\u00bfRevelamos cualquier informaci\u00f3n a terceros?<\/strong><br \/> Nosotros no vendemos, el comercio, o transferir a terceros sus datos de identificaci\u00f3n personal. Esto no incluye los terceros de confianza que nos asisten en la operaci\u00f3n de nuestro sitio web, la realizaci\u00f3n de nuestro negocio, un servicio que, siempre que dichas partes se comprometen a mantener esta informaci\u00f3n confidencial. Tambi\u00e9n podemos revelar su informaci\u00f3n cuando creemos que es apropiado para cumplir con la ley, hacer cumplir las pol\u00edticas de nuestro sitio, o para proteger la nuestra o de otros derechos, propiedad o seguridad. Sin embargo, la informaci\u00f3n de visitante de identificaci\u00f3n no personal puede ser proporcionada a terceros para la comercializaci\u00f3n, publicidad, u otros usos.<\/p>\n<p><strong>Florida Online contacto protecci\u00f3n de Cumplimiento de la Ley<\/strong><\/p>\n<p>Porque valoramos su privacidad hemos tomado las precauciones necesarias para estar en conformidad con la Ley de Protecci\u00f3n de la Privacidad en L\u00ednea de la Florida. Por lo tanto, no distribuiremos su informaci\u00f3n personal a terceros sin su consentimiento.<\/p>\n<p>Como parte de la Ley de Protecci\u00f3n de la Privacidad en L\u00ednea de la Florida, todos los usuarios de nuestro sitio pueden realizar ning\u00fan cambio en su informaci\u00f3n en cualquier momento ingresando a su cuenta en &#8220;Mi cuenta&#8221;.<\/p>\n<p><strong>Pol\u00edtica de privacidad online s\u00f3lo<\/strong><br \/> Esta pol\u00edtica de privacidad online se aplica \u00fanicamente a la informaci\u00f3n recogida a trav\u00e9s de nuestra p\u00e1gina web y no a la informaci\u00f3n recogida fuera de l\u00ednea.<\/p>\n<p><strong>Su consentimiento<\/strong><br \/> Al utilizar nuestro sitio, usted acepta nuestra pol\u00edtica de privacidad.<\/p>\n<p><strong>Cambios en nuestra Pol\u00edtica de Privacidad<\/strong><br \/> Si decidimos cambiar nuestra pol\u00edtica de privacidad, pondremos esos cambios en esta p\u00e1gina.<\/p>\n<p><strong>C\u00f3mo ponerse en contacto con nosotros<\/strong><br \/> Si hay alguna pregunta sobre esta pol\u00edtica de privacidad, puede ponerse en contacto con nosotros mediante la siguiente informaci\u00f3n.<\/p>\n<p>sales@simplybrasil.net<br \/> www.simplybrasil.net<\/p>\n<p><span class=\"goog-text-highlight\">Esta pol\u00edtica es alimentado por Trust Guardia\u00a0 <\/span><a href=\"http:\/\/www.trust-guard.com\/PCI-Compliance-s\/65.htm\" target=\"_blank\"><span class=\"goog-text-highlight\">de cumplimiento PCI<\/span><\/a><span class=\"goog-text-highlight\"> exploraciones.<\/span>[\/vc_column_text][\/vc_column][\/vc_row]<\/p>\n<\/section>","protected":false},"excerpt":{"rendered":"<p>[vc_row][vc_column][vc_empty_space][vc_custom_heading text=&#8221;Pol\u00edtica de privacidad&#8221; font_container=&#8221;tag:h2|text_align:left|color:%23ff9326&#8243; google_fonts=&#8221;font_family:Cabin%3Aregular%2Citalic%2C500%2C500italic%2C600%2C600italic%2C700%2C700italic|fo&#8230;<\/p>\n","protected":false},"author":1,"featured_media":0,"parent":0,"menu_order":12,"comment_status":"closed","ping_status":"closed","template":"","meta":{"_exactmetrics_skip_tracking":false,"_exactmetrics_sitenote_active":false,"_exactmetrics_sitenote_note":"","_exactmetrics_sitenote_category":0,"footnotes":""},"class_list":["post-987","page","type-page","status-publish","hentry"],"_links":{"self":[{"href":"https:\/\/simplybrasil.com\/es_ES\/wp-json\/wp\/v2\/pages\/987","targetHints":{"allow":["GET"]}}],"collection":[{"href":"https:\/\/simplybrasil.com\/es_ES\/wp-json\/wp\/v2\/pages"}],"about":[{"href":"https:\/\/simplybrasil.com\/es_ES\/wp-json\/wp\/v2\/types\/page"}],"author":[{"embeddable":true,"href":"https:\/\/simplybrasil.com\/es_ES\/wp-json\/wp\/v2\/users\/1"}],"replies":[{"embeddable":true,"href":"https:\/\/simplybrasil.com\/es_ES\/wp-json\/wp\/v2\/comments?post=987"}],"version-history":[{"count":22,"href":"https:\/\/simplybrasil.com\/es_ES\/wp-json\/wp\/v2\/pages\/987\/revisions"}],"predecessor-version":[{"id":2632,"href":"https:\/\/simplybrasil.com\/es_ES\/wp-json\/wp\/v2\/pages\/987\/revisions\/2632"}],"wp:attachment":[{"href":"https:\/\/simplybrasil.com\/es_ES\/wp-json\/wp\/v2\/media?parent=987"}],"curies":[{"name":"wp","href":"https:\/\/api.w.org\/{rel}","templated":true}]}}