{"id":652,"date":"2016-07-07T21:16:20","date_gmt":"2016-07-07T21:16:20","guid":{"rendered":"http:\/\/test.simplybrasil.com\/?page_id=652"},"modified":"2023-03-24T00:27:25","modified_gmt":"2023-03-24T00:27:25","slug":"about-simply-brasil","status":"publish","type":"page","link":"https:\/\/simplybrasil.com\/es_ES\/about-simply-brasil\/","title":{"rendered":"SOBRE SIMPLY BRASIL"},"content":{"rendered":"<section class=\"wpb-content-wrapper\"><p>[vc_row][vc_column][vc_empty_space][\/vc_column][\/vc_row][vc_row css=&#8221;.vc_custom_1441874011361{margin-top: 0px !important;margin-bottom: 0px !important;padding-top: 90px !important;padding-bottom: 90px !important;}&#8221;][vc_column width=&#8221;1\/2&#8243;][vc_single_image image=&#8221;1036&#8243; img_size=&#8221;large&#8221;][\/vc_column][vc_column width=&#8221;1\/2&#8243;][vc_custom_heading text=&#8221;Sobre nosotros&#8221; font_container=&#8221;tag:h2|font_size:40|text_align:left|color:%23262626&#8243; use_theme_fonts=&#8221;yes&#8221; el_class=&#8221;heading_left&#8221;][vc_custom_heading text=&#8221;Simplemente Sal\u00f3n Servicios Brasil<\/p>\n<p>Con base en el sur de la Florida, Simplemente Brasil Salon Services fue fundada en 2009 y comenz\u00f3 como un distribuidor de queratina tratamientos para el cabello en los Estados Unidos. Desde entonces hemos estado vendiendo queratina brasile\u00f1a y otros productos para el cuidado del cabello de calidad realizados en Brasil y otras partes del mundo.<\/p>\n<p>Simply Brasil ofrece los mejores tratamientos para el cabello de queratina de calidad y productos de cuidado del cabello disponibles en el mercado. Nuestro amable personal est\u00e1 preparado para responder a cualquier pregunta que pueda tener acerca de nuestros productos. No dude en llamar con cualquier pregunta o para el fin. Tambi\u00e9n puede comprar nuestros tratamientos para el cabello de queratina y productos para el cuidado del cabello a trav\u00e9s de esta p\u00e1gina web en nuestra p\u00e1gina de compras.<\/p>\n<p>\u00bfCu\u00e1les son los tratamientos para el cabello de queratina?<\/p>\n<p>La queratina es un tratamiento capilar revolucionario para todo tipo de cabello.<\/p>\n<p>La queratina es una prote\u00edna natural que es un componente importante en el cabello. Queratina ayuda en tratamientos de alisado, alisado gruesa y el pelo rizado que resiste el peinado o el cabello que tiende a reaccionar a la humedad o el calor. Simplemente tratamientos de queratina del cabello de Brasil le dar\u00e1 a su cabello un acabado brillante, suave y ayudar a reducir el volumen y el frizz.&#8221; font_container=&#8221;tag:div|font_size:15|text_align:left|color:%23666666&#8243; use_theme_fonts=&#8221;yes&#8221;][\/vc_column][\/vc_row][vc_row full_width=&#8221;stretch_row&#8221; css=&#8221;.vc_custom_1442046353810{margin-top: 0px !important;margin-bottom: 0px !important;padding-top: 70px !important;padding-bottom: 70px !important;background-image: url(http:\/\/hairsalon.thememove.com\/wp-content\/uploads\/2015\/09\/b1.jpg?id=186) !important;}&#8221; el_id=&#8221;about_icons&#8221; el_class=&#8221;about_icons&#8221;][vc_column][vc_custom_heading text=&#8221;Simplemente Marca Brasil&#8221; font_container=&#8221;tag:h2|font_size:40|text_align:center|color:%23ffffff&#8221; use_theme_fonts=&#8221;yes&#8221; el_class=&#8221;heading_center&#8221;][vc_custom_heading text=&#8221;El Brasil Simplemente marca comenz\u00f3 con la idea de ayudar a las mujeres profesionales y empresariales de hoy en d\u00eda por la fabricaci\u00f3n de alta calidad tratamientos de queratina del cabello que son seguras, r\u00e1pido y eficiente, que se puede aplicar f\u00e1cilmente en casa con resultados de calidad profesional. De hecho, usted puede encontrar nuestros productos de queratina en salones de belleza en todo Estados Unidos y en todo el mundo.&#8221; font_container=&#8221;tag:div|font_size:15|text_align:center|color:%23ffffff&#8221; use_theme_fonts=&#8221;yes&#8221; css=&#8221;.vc_custom_1471240487456{margin-bottom: 40px !important;}&#8221;][vc_row_inner][vc_column_inner width=&#8221;1\/3&#8243;][vc_single_image image=&#8221;974&#8243; img_size=&#8221;full&#8221; alignment=&#8221;center&#8221; style=&#8221;vc_box_circle&#8221; el_class=&#8221;about_icon&#8221;][vc_custom_heading text=&#8221;Los mejores productos de calidad&#8221; font_container=&#8221;tag:div|font_size:15|text_align:center|color:%23ffffff&#8221; use_theme_fonts=&#8221;yes&#8221; css=&#8221;.vc_custom_1471240504897{margin-bottom: 40px !important;}&#8221;][\/vc_column_inner][vc_column_inner width=&#8221;1\/3&#8243;][vc_single_image image=&#8221;975&#8243; img_size=&#8221;full&#8221; alignment=&#8221;center&#8221; style=&#8221;vc_box_circle&#8221; el_class=&#8221;about_icon&#8221;][vc_custom_heading text=&#8221;Para todo tipo de cabello&#8221; font_container=&#8221;tag:div|font_size:15|text_align:center|color:%23ffffff&#8221; use_theme_fonts=&#8221;yes&#8221; css=&#8221;.vc_custom_1471240550408{margin-bottom: 40px !important;}&#8221;][\/vc_column_inner][vc_column_inner width=&#8221;1\/3&#8243;][vc_single_image image=&#8221;976&#8243; img_size=&#8221;full&#8221; alignment=&#8221;center&#8221; style=&#8221;vc_box_circle&#8221; el_class=&#8221;about_icon&#8221;][vc_custom_heading text=&#8221;Productos org\u00e1nicos&#8221; font_container=&#8221;tag:div|font_size:15|text_align:center|color:%23ffffff&#8221; use_theme_fonts=&#8221;yes&#8221; css=&#8221;.vc_custom_1471240565271{margin-bottom: 40px !important;}&#8221;][\/vc_column_inner][\/vc_row_inner][\/vc_column][\/vc_row][vc_row full_width=&#8221;stretch_row&#8221; el_id=&#8221;home_services&#8221; el_class=&#8221;home_services&#8221; css=&#8221;.vc_custom_1441938816735{margin-top: 0px !important;margin-bottom: 0px !important;padding-top: 90px !important;padding-bottom: 0px !important;background-image: url(http:\/\/hairsalon.thememove.com\/wp-content\/uploads\/2015\/09\/bg2.jpg?id=82) !important;}&#8221;][vc_column][vc_custom_heading text=&#8221;Cont\u00e1ctenos&#8221; font_container=&#8221;tag:h2|font_size:40|text_align:center|color:%23262626&#8243; use_theme_fonts=&#8221;yes&#8221; el_class=&#8221;heading_center&#8221;][vc_custom_heading text=&#8221;Simply Brasil<br \/>\nGratis sin recargos: 1-866-544-2544<br \/>\nMiami, FL: 786-278-0594<br \/>\nCorreo electronico : sales@simplybrasil.com&#8221; font_container=&#8221;tag:div|font_size:15|text_align:center|color:%23666666&#8243; use_theme_fonts=&#8221;yes&#8221; css=&#8221;.vc_custom_1471240679257{margin-bottom: 40px !important;}&#8221;][vc_row_inner][vc_column_inner width=&#8221;1\/4&#8243;][vc_single_image image=&#8221;86&#8243; img_size=&#8221;full&#8221; alignment=&#8221;center&#8221; onclick=&#8221;custom_link&#8221; css_animation=&#8221;top-to-bottom&#8221; link=&#8221;#&#8221; css=&#8221;.vc_custom_1459499555432{margin-bottom: 0px !important;}&#8221;][\/vc_column_inner][vc_column_inner width=&#8221;1\/4&#8243;][vc_single_image image=&#8221;87&#8243; img_size=&#8221;full&#8221; alignment=&#8221;center&#8221; onclick=&#8221;custom_link&#8221; css_animation=&#8221;top-to-bottom&#8221; link=&#8221;#&#8221; css=&#8221;.vc_custom_1459499561127{margin-bottom: 0px !important;}&#8221;][\/vc_column_inner][vc_column_inner width=&#8221;1\/4&#8243;][vc_single_image image=&#8221;88&#8243; img_size=&#8221;full&#8221; alignment=&#8221;center&#8221; onclick=&#8221;custom_link&#8221; css_animation=&#8221;top-to-bottom&#8221; link=&#8221;#&#8221; css=&#8221;.vc_custom_1459499567080{margin-bottom: 0px !important;}&#8221;][\/vc_column_inner][vc_column_inner width=&#8221;1\/4&#8243;][vc_single_image image=&#8221;89&#8243; img_size=&#8221;full&#8221; alignment=&#8221;center&#8221; onclick=&#8221;custom_link&#8221; css_animation=&#8221;top-to-bottom&#8221; link=&#8221;#&#8221; css=&#8221;.vc_custom_1459499572075{margin-bottom: 0px !important;}&#8221;][\/vc_column_inner][\/vc_row_inner][\/vc_column][\/vc_row]<\/p>\n<\/section>","protected":false},"excerpt":{"rendered":"<p>[vc_row][vc_column][vc_empty_space][\/vc_column][\/vc_row][vc_row css=&#8221;.vc_custom_1441874011361{margin-top: 0px !important;margin-bottom: 0px !important;padding-top: 90px !important;padding-bottom: 90px !important;}&#8221;][vc_column width=&#8221;1\/2&#8243;][vc_single_i&#8230;<\/p>\n","protected":false},"author":1,"featured_media":0,"parent":0,"menu_order":2,"comment_status":"closed","ping_status":"closed","template":"","meta":{"_exactmetrics_skip_tracking":false,"_exactmetrics_sitenote_active":false,"_exactmetrics_sitenote_note":"","_exactmetrics_sitenote_category":0,"footnotes":""},"class_list":["post-652","page","type-page","status-publish","hentry"],"_links":{"self":[{"href":"https:\/\/simplybrasil.com\/es_ES\/wp-json\/wp\/v2\/pages\/652","targetHints":{"allow":["GET"]}}],"collection":[{"href":"https:\/\/simplybrasil.com\/es_ES\/wp-json\/wp\/v2\/pages"}],"about":[{"href":"https:\/\/simplybrasil.com\/es_ES\/wp-json\/wp\/v2\/types\/page"}],"author":[{"embeddable":true,"href":"https:\/\/simplybrasil.com\/es_ES\/wp-json\/wp\/v2\/users\/1"}],"replies":[{"embeddable":true,"href":"https:\/\/simplybrasil.com\/es_ES\/wp-json\/wp\/v2\/comments?post=652"}],"version-history":[{"count":68,"href":"https:\/\/simplybrasil.com\/es_ES\/wp-json\/wp\/v2\/pages\/652\/revisions"}],"predecessor-version":[{"id":4102,"href":"https:\/\/simplybrasil.com\/es_ES\/wp-json\/wp\/v2\/pages\/652\/revisions\/4102"}],"wp:attachment":[{"href":"https:\/\/simplybrasil.com\/es_ES\/wp-json\/wp\/v2\/media?parent=652"}],"curies":[{"name":"wp","href":"https:\/\/api.w.org\/{rel}","templated":true}]}}