{"id":3001,"date":"2021-08-09T17:04:31","date_gmt":"2021-08-09T17:04:31","guid":{"rendered":"https:\/\/simplybrasil.com\/?post_type=product&#038;p=3001"},"modified":"2026-04-01T00:41:56","modified_gmt":"2026-04-01T00:41:56","slug":"oriente-life-black-platinum-mask-300g","status":"publish","type":"product","link":"https:\/\/simplybrasil.com\/en_US\/product\/oriente-life-black-platinum-mask-300g\/","title":{"rendered":"Oriente Life Black Platinum Mask 300g (10.14 oz)"},"content":{"rendered":"<p><img fetchpriority=\"high\" decoding=\"async\" class=\"size-medium wp-image-3380 alignright\" src=\"https:\/\/simplybrasil.com\/wp-content\/uploads\/2021\/08\/img-cabelo-desc-15-Novo-300x300.jpg\" alt=\"\" width=\"300\" height=\"300\" srcset=\"https:\/\/simplybrasil.com\/wp-content\/uploads\/2021\/08\/img-cabelo-desc-15-Novo-300x300.jpg 300w, https:\/\/simplybrasil.com\/wp-content\/uploads\/2021\/08\/img-cabelo-desc-15-Novo-100x100.jpg 100w, https:\/\/simplybrasil.com\/wp-content\/uploads\/2021\/08\/img-cabelo-desc-15-Novo-500x500.jpg 500w, https:\/\/simplybrasil.com\/wp-content\/uploads\/2021\/08\/img-cabelo-desc-15-Novo-150x150.jpg 150w, https:\/\/simplybrasil.com\/wp-content\/uploads\/2021\/08\/img-cabelo-desc-15-Novo-400x400.jpg 400w, https:\/\/simplybrasil.com\/wp-content\/uploads\/2021\/08\/img-cabelo-desc-15-Novo-60x60.jpg 60w, https:\/\/simplybrasil.com\/wp-content\/uploads\/2021\/08\/img-cabelo-desc-15-Novo.jpg 535w\" sizes=\"(max-width: 300px) 100vw, 300px\" \/><\/p>\n<p>A M\u00e1scara Black Platinum Oriente Life foi desenvolvida especialmente para auxiliar no desbotamento dos cabelos loiros e grisalhos. Cont\u00e9m ativos que proporcionam a neutraliza\u00e7\u00e3o e intensidade da cor, retirando o tom alaranjado que pode aparecer ap\u00f3s o processo de descolora\u00e7\u00e3o, proporciona efeito platinado imediato. Deixa os cabelos sedosos, com brilho e a cor reavivada.<\/p>\n","protected":false},"excerpt":{"rendered":"<p>A M\u00e1scara Black Platinum Oriente Life foi desenvolvida especialmente para auxiliar no desbotamento dos cabelos loiros e grisalhos. Cont\u00e9m ativos que proporcionam a neutraliza\u00e7\u00e3o e intensidade da cor, retirando o tom alaranjado que pode aparecer ap\u00f3s o processo de descolora\u00e7\u00e3o, proporciona efeito platinado imediato. Deixa os cabelos sedosos, com brilho e a cor reavivada.<\/p>\n","protected":false},"featured_media":3002,"comment_status":"open","ping_status":"closed","template":"","meta":{"_exactmetrics_skip_tracking":false,"_exactmetrics_sitenote_active":false,"_exactmetrics_sitenote_note":"","_exactmetrics_sitenote_category":0},"product_cat":[25,31,36],"product_tag":[],"class_list":["post-3001","product","type-product","status-publish","has-post-thumbnail","hentry","product_cat-hair-care","product_cat-hair-repair","product_cat-on-sale","product_brand-oriente-life"],"_links":{"self":[{"href":"https:\/\/simplybrasil.com\/en_US\/wp-json\/wp\/v2\/product\/3001","targetHints":{"allow":["GET"]}}],"collection":[{"href":"https:\/\/simplybrasil.com\/en_US\/wp-json\/wp\/v2\/product"}],"about":[{"href":"https:\/\/simplybrasil.com\/en_US\/wp-json\/wp\/v2\/types\/product"}],"replies":[{"embeddable":true,"href":"https:\/\/simplybrasil.com\/en_US\/wp-json\/wp\/v2\/comments?post=3001"}],"version-history":[{"count":5,"href":"https:\/\/simplybrasil.com\/en_US\/wp-json\/wp\/v2\/product\/3001\/revisions"}],"predecessor-version":[{"id":4296,"href":"https:\/\/simplybrasil.com\/en_US\/wp-json\/wp\/v2\/product\/3001\/revisions\/4296"}],"wp:featuredmedia":[{"embeddable":true,"href":"https:\/\/simplybrasil.com\/en_US\/wp-json\/wp\/v2\/media\/3002"}],"wp:attachment":[{"href":"https:\/\/simplybrasil.com\/en_US\/wp-json\/wp\/v2\/media?parent=3001"}],"wp:term":[{"taxonomy":"product_cat","embeddable":true,"href":"https:\/\/simplybrasil.com\/en_US\/wp-json\/wp\/v2\/product_cat?post=3001"},{"taxonomy":"product_tag","embeddable":true,"href":"https:\/\/simplybrasil.com\/en_US\/wp-json\/wp\/v2\/product_tag?post=3001"}],"curies":[{"name":"wp","href":"https:\/\/api.w.org\/{rel}","templated":true}]}}